{"id":332735,"date":"2024-05-23T09:54:30","date_gmt":"2024-05-23T08:54:30","guid":{"rendered":"https:\/\/www.talurit.com\/p\/unkategorisiert\/tkh-pressklemme-aluminium\/"},"modified":"2024-05-23T09:54:30","modified_gmt":"2024-05-23T08:54:30","slug":"tkh-pressklemme-aluminium","status":"publish","type":"product","link":"https:\/\/www.talurit.com\/de\/p\/presklemmen-beschlagteile\/tkh-pressklemme-aluminium\/","title":{"rendered":"TKH &#8211; Pressklemme Aluminium"},"content":{"rendered":"<p>Die Pressklemme TKH basiert auf dem Design der Pressklemme TK und verf\u00fcgt \u00fcber ein Inspektionsloch, um die korrekte Positionierung des kurzen Drahtseilendes nach dem Anschmieden zu gew\u00e4hrleisten. Die Pressklemme wird in einer Pressbacke mit einem Blindabgriff gepresst. Das Inspektionsloch bleibt offen und erf\u00fcllt damit die Anforderungen der EN 13411-3 f\u00fcr das Schmieden von konischen Seilklemmenpressen. Diese patentierte L\u00f6sung gew\u00e4hrleistet Zuverl\u00e4ssigkeit und Konformit\u00e4t. Spezielle Anleitungen f\u00fcr das Gesenkschmieden mit Kontrollbohrung sind auf Anfrage erh\u00e4ltlich. Unsere &#8222;Anleitung zum Verpressen von Pressklemmen&#8220; enth\u00e4lt detaillierte Hinweise zur richtigen Pressmethode, zum erforderlichen Druck und zu den Auswahlkriterien f\u00fcr die Pressklemmen. Unsere <a href=\"https:\/\/www.talurit.com\">Pressklemmen<\/a> sind von zahlreichen internationalen Institutionen und Beh\u00f6rden zugelassen und erf\u00fcllen die h\u00f6chsten Qualit\u00e4ts- und Sicherheitsstandards. <strong>Verf\u00fcgbare Gr\u00f6\u00dfen:<\/strong> TKH 8 &#8211; 60 <strong>Allgemeine Beschreibung:<\/strong> TKH Aluminium Aderendh\u00fclsen entsprechen der europ\u00e4ischen Norm EN 13411-3 f\u00fcr r\u00fcckgebogene Pressklemmen oder verpresste Seilschlaufe Endverbindungen (FSET). Sie werden aus nahtlosem Strangpressmaterial aus der Aluminiumlegierung AW-5051A gem\u00e4\u00df der Norm EN 573-3 hergestellt. Die Pressklemmen von TK entsprechen zwar nicht dieser Norm, wurden jedoch von Talurit\u00ae eingehend getestet und gepr\u00fcft. Bitte beachten Sie unsere Hinweise zum Verpressen, die Sie im technischen Datenblatt finden. <strong>Anwendungen:<\/strong> TKH Pressklemmen aus Aluminium werden aufgrund ihrer Vielseitigkeit h\u00e4ufig in der Hebezeugindustrie eingesetzt. Sie sind f\u00fcr verschiedene Drahtseilanwendungen spezifiziert und genau definiert, einschlie\u00dflich Drahtseile mit Fasereinlage, einlagige Drahtseile mit Stahleinlage, drehungsfreie Drahtseile und einige Spiral-Litzenseile. Getestet und verifiziert nach EN 13411-3, gew\u00e4hrleisten diese Pressklemmen eine zuverl\u00e4ssige Leistung in zahlreichen Anwendungsf\u00e4llen. <strong>Wichtige Hinweise:<\/strong> Das System der Pressklemmen f\u00fcr r\u00fcckgebogene Schlaufen ist benutzerfreundlich, schnell, sicher und erwiesenerma\u00dfen \u00e4u\u00dferst zuverl\u00e4ssig. Es ist effizienter als andere verf\u00fcgbare Schmiedeverfahren. Pressklemmen, die kleiner als Gr\u00f6\u00dfe 5 sind, k\u00f6nnen mit Handwerkzeugen verpresst werden, w\u00e4hrend f\u00fcr Aderendh\u00fclsen, die gr\u00f6\u00dfer als Gr\u00f6\u00dfe 60 sind, ein spezielles mehrstufiges Pressverfahren erforderlich ist.     <\/p>\n","protected":false},"excerpt":{"rendered":"<p>Die Talurit\u00ae TKH konischen Pressklemmen sind mit einem konischen R\u00fccken ausgestattet, um das Risiko eines H\u00e4ngenbleibens der Last zu minimieren. Das Akronym TKH steht f\u00fcr T (Talurit\u00ae), K (Konit\u2122) und H (Inspektionsloch). Diese nahtlosen Pressklemmen aus Aluminium vereinen Eleganz und Funktionalit\u00e4t und bieten erh\u00f6hte Sicherheit und Haltbarkeit. Von Gr\u00f6\u00dfe 8 bis 60 sind sie gem\u00e4\u00df ISO 9001 vollst\u00e4ndig r\u00fcckverfolgbar und mit Gr\u00f6\u00dfe, Typ und Fertigungslosnummer gekennzeichnet.   <\/p>\n","protected":false},"featured_media":331300,"template":"","meta":{"_et_pb_use_builder":"","_et_pb_old_content":"","_et_gb_content_width":""},"product_brand":[],"product_cat":[430],"product_tag":[],"class_list":{"0":"post-332735","1":"product","2":"type-product","3":"status-publish","4":"has-post-thumbnail","6":"product_cat-presklemmen-beschlagteile","7":"pa_material-aluminium-de","9":"first","10":"instock","11":"shipping-taxable","12":"product-type-simple"},"_links":{"self":[{"href":"https:\/\/www.talurit.com\/de\/wp-json\/wp\/v2\/product\/332735","targetHints":{"allow":["GET"]}}],"collection":[{"href":"https:\/\/www.talurit.com\/de\/wp-json\/wp\/v2\/product"}],"about":[{"href":"https:\/\/www.talurit.com\/de\/wp-json\/wp\/v2\/types\/product"}],"wp:featuredmedia":[{"embeddable":true,"href":"https:\/\/www.talurit.com\/de\/wp-json\/wp\/v2\/media\/331300"}],"wp:attachment":[{"href":"https:\/\/www.talurit.com\/de\/wp-json\/wp\/v2\/media?parent=332735"}],"wp:term":[{"taxonomy":"product_brand","embeddable":true,"href":"https:\/\/www.talurit.com\/de\/wp-json\/wp\/v2\/product_brand?post=332735"},{"taxonomy":"product_cat","embeddable":true,"href":"https:\/\/www.talurit.com\/de\/wp-json\/wp\/v2\/product_cat?post=332735"},{"taxonomy":"product_tag","embeddable":true,"href":"https:\/\/www.talurit.com\/de\/wp-json\/wp\/v2\/product_tag?post=332735"}],"curies":[{"name":"wp","href":"https:\/\/api.w.org\/{rel}","templated":true}]}}