{"id":332734,"date":"2024-04-04T09:46:12","date_gmt":"2024-04-04T08:46:12","guid":{"rendered":"https:\/\/www.talurit.com\/p\/unkategorisiert\/t-loc-stahlverstaerkung\/"},"modified":"2024-04-04T09:46:12","modified_gmt":"2024-04-04T08:46:12","slug":"t-loc-stahlverstaerkung","status":"publish","type":"product","link":"https:\/\/www.talurit.com\/de\/p\/presklemmen-beschlagteile\/t-loc-stahlverstaerkung\/","title":{"rendered":"T-LOC\u2122 &#8211; Stahlverst\u00e4rkung"},"content":{"rendered":"<p>T-LOC\u2122 ist eine Stahlverst\u00e4rkung f\u00fcr Endverbindungen aus Aluminium. Sie besteht aus Kohlenstoffstahl und wird zusammen mit einer Standard Talurit\u00ae Pressklemme f\u00fcr r\u00fcckgebogene Schlaufen, Typ T, verpresst. Die innovative T-LOC\u2122-Verst\u00e4rkung verhindert ein Aufspalten der Aluminiumklemme, insbesondere bei der Verwendung von Kauschen, die einen gro\u00dfen Schlaufenwinkel erzeugen, und ist f\u00fcr Drahtseile der Klasse 2160 zugelassen. Das System ist f\u00fcr Drahtseile der G\u00fcteklasse 2160 in den Klassen 35(W)x7, 6xK36WS, 6x19S getestet und wurde gem\u00e4\u00df den Anforderungen der EN 13411-3 Typpr\u00fcfung validiert.  <\/p>\n","protected":false},"excerpt":{"rendered":"<p>Die innovative T-LOC\u2122 Stahlverst\u00e4rkung verhindert, dass die Pressklemme aus Aluminium splittert, insbesondere bei der Verwendung von Kauschen, die einen gro\u00dfen Schlaufenwinkel erzeugen. Sie ist f\u00fcr Drahtseile der G\u00fcteklasse 2160 zugelassen und wurde gem\u00e4\u00df der Norm EN 13411-3 validiert. <\/p>\n<blockquote><p><strong><i>Eingetragenes Patent &#8211; Endverbindung aus stahlverst\u00e4rktem Aluminium.<\/i><\/strong><\/p>\n<p>Europa &#8211; 2577094<br \/>\nUSA &#8211; 8,966,737<br \/>\nAustralien &#8211; 2010354119<br \/>\nJapan &#8211; 5756170<br \/>\nChina &#8211; ZL201080067001.8<br \/>\nSingapur &#8211; 186138<br \/>\nBrasilien &#8211; BR1120120299000<br \/>\nMalaysia &#8211; MY-159758-A<\/p><\/blockquote>\n","protected":false},"featured_media":330945,"template":"","meta":{"_et_pb_use_builder":"","_et_pb_old_content":"","_et_gb_content_width":""},"product_brand":[],"product_cat":[430],"product_tag":[],"class_list":{"0":"post-332734","1":"product","2":"type-product","3":"status-publish","4":"has-post-thumbnail","6":"product_cat-presklemmen-beschlagteile","7":"pa_material-kohlenstoffstahl","9":"first","10":"instock","11":"shipping-taxable","12":"product-type-simple"},"_links":{"self":[{"href":"https:\/\/www.talurit.com\/de\/wp-json\/wp\/v2\/product\/332734","targetHints":{"allow":["GET"]}}],"collection":[{"href":"https:\/\/www.talurit.com\/de\/wp-json\/wp\/v2\/product"}],"about":[{"href":"https:\/\/www.talurit.com\/de\/wp-json\/wp\/v2\/types\/product"}],"wp:featuredmedia":[{"embeddable":true,"href":"https:\/\/www.talurit.com\/de\/wp-json\/wp\/v2\/media\/330945"}],"wp:attachment":[{"href":"https:\/\/www.talurit.com\/de\/wp-json\/wp\/v2\/media?parent=332734"}],"wp:term":[{"taxonomy":"product_brand","embeddable":true,"href":"https:\/\/www.talurit.com\/de\/wp-json\/wp\/v2\/product_brand?post=332734"},{"taxonomy":"product_cat","embeddable":true,"href":"https:\/\/www.talurit.com\/de\/wp-json\/wp\/v2\/product_cat?post=332734"},{"taxonomy":"product_tag","embeddable":true,"href":"https:\/\/www.talurit.com\/de\/wp-json\/wp\/v2\/product_tag?post=332734"}],"curies":[{"name":"wp","href":"https:\/\/api.w.org\/{rel}","templated":true}]}}