{"id":332733,"date":"2024-04-03T10:40:37","date_gmt":"2024-04-03T09:40:37","guid":{"rendered":"https:\/\/www.talurit.com\/p\/unkategorisiert\/t-pressklemme-aluminium\/"},"modified":"2024-04-03T10:40:37","modified_gmt":"2024-04-03T09:40:37","slug":"t-pressklemme-aluminium","status":"publish","type":"product","link":"https:\/\/www.talurit.com\/de\/p\/presklemmen-beschlagteile\/t-pressklemme-aluminium\/","title":{"rendered":"T &#8211; Pressklemme Aluminium"},"content":{"rendered":"<p>Die Talurit\u00ae T-Pressklemme ist das Original im mechanischen Splei\u00dfen und hat den Grundstein f\u00fcr den europ\u00e4ischen Standard gelegt. Heute entspricht die T-Ferrule der europ\u00e4ischen Norm (FSET) f\u00fcr Pressklemmen f\u00fcr r\u00fcckgebogene Schlaufe oder verpresste Seilschlaufe als Endverbindung. Die Pressklemme entspricht der Norm EN 13411-3 und wird aus nahtlosen Strangpressprofilen hergestellt, die nahtlos \u00fcber einen Dorn gepresst werden. Die Aluminiumlegierung ist AW-5051A gem\u00e4\u00df EN 573-3. Die Pressklemme T ist f\u00fcr Drahtseile mit einer maximalen Zugfestigkeit von bis zu 1960 geeignet, w\u00e4hrend die TS (k\u00fcrzere Version) f\u00fcr Zugfestigkeiten bis zu 1770 geeignet ist. F\u00fcr Anwendungen \u00fcber 2160 muss T-LOC\u2122 zusammen mit der T-Pressklemme verwendet werden.  <\/p>\n","protected":false},"excerpt":{"rendered":"<p>Dies ist die urspr\u00fcngliche Pressklemme f\u00fcr mechanisches Splei\u00dfen. Unser Kernprodukt. Das Pressklemmensystem f\u00fcr r\u00fcckgebogene Schlaufen ist einfach und zuverl\u00e4ssig in der Anwendung. Es ist schnell, sicher und hat sich als absolut zuverl\u00e4ssig erwiesen. Es ist weitaus effizienter als alle anderen auf dem Markt erh\u00e4ltlichen Verpressmethoden.    <\/p>\n","protected":false},"featured_media":330925,"template":"","meta":{"_et_pb_use_builder":"","_et_pb_old_content":"","_et_gb_content_width":""},"product_brand":[],"product_cat":[430],"product_tag":[],"class_list":{"0":"post-332733","1":"product","2":"type-product","3":"status-publish","4":"has-post-thumbnail","6":"product_cat-presklemmen-beschlagteile","7":"pa_material-aluminium-de","9":"first","10":"instock","11":"shipping-taxable","12":"product-type-simple"},"_links":{"self":[{"href":"https:\/\/www.talurit.com\/de\/wp-json\/wp\/v2\/product\/332733","targetHints":{"allow":["GET"]}}],"collection":[{"href":"https:\/\/www.talurit.com\/de\/wp-json\/wp\/v2\/product"}],"about":[{"href":"https:\/\/www.talurit.com\/de\/wp-json\/wp\/v2\/types\/product"}],"wp:featuredmedia":[{"embeddable":true,"href":"https:\/\/www.talurit.com\/de\/wp-json\/wp\/v2\/media\/330925"}],"wp:attachment":[{"href":"https:\/\/www.talurit.com\/de\/wp-json\/wp\/v2\/media?parent=332733"}],"wp:term":[{"taxonomy":"product_brand","embeddable":true,"href":"https:\/\/www.talurit.com\/de\/wp-json\/wp\/v2\/product_brand?post=332733"},{"taxonomy":"product_cat","embeddable":true,"href":"https:\/\/www.talurit.com\/de\/wp-json\/wp\/v2\/product_cat?post=332733"},{"taxonomy":"product_tag","embeddable":true,"href":"https:\/\/www.talurit.com\/de\/wp-json\/wp\/v2\/product_tag?post=332733"}],"curies":[{"name":"wp","href":"https:\/\/api.w.org\/{rel}","templated":true}]}}