{"id":332664,"date":"2024-06-03T09:02:57","date_gmt":"2024-06-03T08:02:57","guid":{"rendered":"https:\/\/www.talurit.com\/customer-survey-ger\/"},"modified":"2024-11-01T15:18:45","modified_gmt":"2024-11-01T14:18:45","slug":"kundenumfrage","status":"publish","type":"page","link":"https:\/\/www.talurit.com\/de\/kundenumfrage\/","title":{"rendered":"Kundenumfrage"},"content":{"rendered":"<p>[et_pb_section fb_built=&#8220;1&#8243; _builder_version=&#8220;4.25.1&#8243; _module_preset=&#8220;default&#8220; custom_padding=&#8220;109px||90px||false|&#8220; top_divider_style=&#8220;ramp&#8220; top_divider_color=&#8220;#00274F&#8220; top_divider_height=&#8220;40px&#8220; top_divider_flip=&#8220;vertical&#8220; top_divider_height_tablet=&#8220;40px&#8220; top_divider_height_phone=&#8220;20px&#8220; top_divider_height_last_edited=&#8220;on|desktop&#8220; global_colors_info=&#8220;{}&#8220;][et_pb_row _builder_version=&#8220;4.25.1&#8243; _module_preset=&#8220;default&#8220; width=&#8220;90%&#8220; max_width=&#8220;100%&#8220; custom_margin=&#8220;0px||0px||true|false&#8220; custom_padding=&#8220;0px||0px||true|false&#8220; border_radii=&#8220;off|40px|40px|4px|4px&#8220; border_width_bottom=&#8220;6px&#8220; border_color_bottom=&#8220;#003F7B&#8220; border_radii_tablet=&#8220;on|40px|40px|40px|40px&#8220; border_radii_phone=&#8220;on|5px|5px|5px|5px&#8220; border_radii_last_edited=&#8220;on|phone&#8220; border_width_bottom_tablet=&#8220;6px&#8220; border_width_bottom_phone=&#8220;6px&#8220; border_width_bottom_last_edited=&#8220;on|desktop&#8220; box_shadow_style=&#8220;preset1&#8243; box_shadow_blur=&#8220;30px&#8220; box_shadow_spread=&#8220;5px&#8220; global_colors_info=&#8220;{}&#8220;][et_pb_column type=&#8220;4_4&#8243; _builder_version=&#8220;4.24.3&#8243; _module_preset=&#8220;default&#8220; global_colors_info=&#8220;{}&#8220;][et_pb_code _builder_version=&#8220;4.25.1&#8243; _module_preset=&#8220;default&#8220; global_colors_info=&#8220;{}&#8220;]<iframe loading=\"lazy\" width=\"100%\" height=\"900px\" src=\"https:\/\/forms.office.com\/r\/4pDUzrUNL4?embed=true\" frameborder=\"0\" marginwidth=\"0\" marginheight=\"0\" style=\"border: none; max-width:100%; max-height:100vh\" allowfullscreen=\"\" webkitallowfullscreen=\"\" mozallowfullscreen=\"\" msallowfullscreen=\"\"> <\/iframe>[\/et_pb_code][\/et_pb_column][\/et_pb_row][\/et_pb_section][et_pb_section fb_built=&#8220;1&#8243; disabled_on=&#8220;on|on|off&#8220; admin_label=&#8220;Footer&#8220; _builder_version=&#8220;4.25.1&#8243; background_enable_color=&#8220;off&#8220; use_background_color_gradient=&#8220;on&#8220; background_color_gradient_stops=&#8220;#ffffff 5%|#ededed 100%&#8220; custom_padding=&#8220;50px|0px|81px|0px||&#8220; animation_style=&#8220;zoom&#8220; animation_direction=&#8220;bottom&#8220; animation_intensity_zoom=&#8220;6%&#8220; animation_starting_opacity=&#8220;100%&#8220; saved_tabs=&#8220;all&#8220; locked=&#8220;off&#8220; global_colors_info=&#8220;{}&#8220;][et_pb_row _builder_version=&#8220;4.24.0&#8243; _module_preset=&#8220;default&#8220; custom_margin=&#8220;|auto|10px|auto||&#8220; global_colors_info=&#8220;{}&#8220;][et_pb_column type=&#8220;4_4&#8243; _builder_version=&#8220;4.24.0&#8243; _module_preset=&#8220;default&#8220; global_colors_info=&#8220;{}&#8220;][dsm_image_accordion image_accordion_animation_sequence=&#8220;on&#8220; ia_height=&#8220;480px&#8220; admin_label=&#8220;Category accordion&#8220; _builder_version=&#8220;4.27.2&#8243; _module_preset=&#8220;default&#8220; title_level=&#8220;h6&#8243; title_font=&#8220;Teko|600||on|||||&#8220; title_text_color=&#8220;#FFFFFF&#8220; title_font_size=&#8220;32px&#8220; title_letter_spacing=&#8220;0.2px&#8220; animation_style=&#8220;slide&#8220; animation_direction=&#8220;bottom&#8220; animation_duration=&#8220;1200ms&#8220; animation_delay=&#8220;800ms&#8220; animation_intensity_slide=&#8220;10%&#8220; hover_enabled=&#8220;0&#8243; border_radii=&#8220;on|10px|10px|10px|10px&#8220; box_shadow_style=&#8220;preset3&#8243; box_shadow_blur=&#8220;25px&#8220; global_colors_info=&#8220;{}&#8220; box_shadow_color__hover_enabled=&#8220;on|hover&#8220; box_shadow_color__hover=&#8220;rgba(0,0,0,0.5)&#8220; sticky_enabled=&#8220;0&#8243;][dsm_image_accordion_child title_text=&#8220;Ferrules-V2-750px&#8220; image_accordion_title=&#8220;Pressklemmen &#038; Beschlagteile&#8220; image_accordion_desc=&#8220;ISO 9001 zertifizierte Produkte.&#8220; _builder_version=&#8220;4.27.2&#8243; _module_preset=&#8220;default&#8220; title_level=&#8220;h6&#8243; title_font=&#8220;Teko|600||on|||||&#8220; title_text_color=&#8220;#FFFFFF&#8220; title_font_size=&#8220;32px&#8220; title_letter_spacing=&#8220;0.2px&#8220; use_background_color_gradient=&#8220;on&#8220; background_color_gradient_direction=&#8220;45deg&#8220; background_color_gradient_stops=&#8220;#00274f 0%|rgba(0,63,123,0) 80%&#8220; background_color_gradient_overlays_image=&#8220;on&#8220; background_image=&#8220;https:\/\/www.talurit.com\/wp-content\/uploads\/2024\/02\/Ferrules-V2-750px.jpg&#8220; background_enable_image=&#8220;on&#8220; link_option_url=&#8220;https:\/\/www.talurit.com\/de\/kategorie\/presklemmen-beschlagteile\/&#8220; hover_enabled=&#8220;0&#8243; global_colors_info=&#8220;{}&#8220; background__hover_enabled=&#8220;on|desktop&#8220; background_color_gradient_stops__hover=&#8220;#00274f 0%|rgba(0,63,123,0.55) 100%&#8220; use_background_color_gradient__hover=&#8220;on&#8220; sticky_enabled=&#8220;0&#8243;][\/dsm_image_accordion_child][dsm_image_accordion_child title_text=&#8220;Swagers-V1-750px&#8220; image_accordion_title=&#8220;Seilklemmenpresse&#8220; image_accordion_desc=&#8220;Solide, sichere &#038; einstellbare Seilklemmenpresse.&#8220; _builder_version=&#8220;4.27.2&#8243; _module_preset=&#8220;default&#8220; title_level=&#8220;h6&#8243; use_background_color_gradient=&#8220;on&#8220; background_color_gradient_direction=&#8220;45deg&#8220; background_color_gradient_stops=&#8220;#00274f 0%|rgba(0,63,123,0) 80%&#8220; background_color_gradient_overlays_image=&#8220;on&#8220; background_image=&#8220;https:\/\/www.talurit.com\/wp-content\/uploads\/2024\/02\/Swagers-V1-750px.jpg&#8220; background_enable_image=&#8220;on&#8220; link_option_url=&#8220;https:\/\/www.talurit.com\/de\/kategorie\/pressen\/&#8220; hover_enabled=&#8220;0&#8243; global_colors_info=&#8220;{}&#8220; background__hover_enabled=&#8220;on|hover&#8220; background_color_gradient_stops__hover=&#8220;#00274f 0%|rgba(0,63,123,0.55) 100%&#8220; use_background_color_gradient__hover=&#8220;on&#8220; sticky_enabled=&#8220;0&#8243;][\/dsm_image_accordion_child][dsm_image_accordion_child title_text=&#8220;Cutting-machines-V2-750px&#8220; image_accordion_title=&#8220;Trennmaschine&#8220; image_accordion_desc=&#8220;Maschinen zum Schneiden und Gl\u00fchen von Drahtseilen.&#8220; _builder_version=&#8220;4.27.2&#8243; _module_preset=&#8220;default&#8220; title_level=&#8220;h6&#8243; use_background_color_gradient=&#8220;on&#8220; background_color_gradient_direction=&#8220;45deg&#8220; background_color_gradient_stops=&#8220;#00274f 0%|rgba(0,63,123,0) 80%&#8220; background_color_gradient_overlays_image=&#8220;on&#8220; background_image=&#8220;https:\/\/www.talurit.com\/wp-content\/uploads\/2024\/02\/Cutting-machines-V2-750px.jpg&#8220; background_enable_image=&#8220;on&#8220; link_option_url=&#8220;https:\/\/www.talurit.com\/de\/kategorie\/trennmaschinen\/&#8220; hover_enabled=&#8220;0&#8243; global_colors_info=&#8220;{}&#8220; background__hover_enabled=&#8220;on|desktop&#8220; background_color_gradient_stops__hover=&#8220;#00274f 0%|rgba(0,63,123,0.55) 100%&#8220; use_background_color_gradient__hover=&#8220;on&#8220; sticky_enabled=&#8220;0&#8243;][\/dsm_image_accordion_child][dsm_image_accordion_child title_text=&#8220;Coiling-V2-750px&#8220; image_accordion_title=&#8220;Drahtseilbearbeitung&#8220; image_accordion_desc=&#8220;Aufwickeln, Aufrollen, Abwickeln und Messen.&#8220; _builder_version=&#8220;4.27.2&#8243; _module_preset=&#8220;default&#8220; title_level=&#8220;h6&#8243; use_background_color_gradient=&#8220;on&#8220; background_color_gradient_direction=&#8220;45deg&#8220; background_color_gradient_stops=&#8220;#00274f 0%|rgba(0,63,123,0) 80%&#8220; background_color_gradient_overlays_image=&#8220;on&#8220; background_image=&#8220;https:\/\/www.talurit.com\/wp-content\/uploads\/2024\/02\/Coiling-V2-750px.jpg&#8220; background_enable_image=&#8220;on&#8220; link_option_url=&#8220;https:\/\/www.talurit.com\/de\/kategorie\/drahtseilbearbeitung\/&#8220; hover_enabled=&#8220;0&#8243; global_colors_info=&#8220;{}&#8220; background__hover_enabled=&#8220;on|desktop&#8220; background_color_gradient_stops__hover=&#8220;#00274f 0%|rgba(0,63,123,0.55) 100%&#8220; use_background_color_gradient__hover=&#8220;on&#8220; sticky_enabled=&#8220;0&#8243;][\/dsm_image_accordion_child][dsm_image_accordion_child title_text=&#8220;Testing-machines-V3-750px&#8220; image_accordion_title=&#8220;Pr\u00fcfmaschinen&#8220; image_accordion_desc=&#8220;Pr\u00fcfmaschinen, Drahtseilklemmen &#038; Last\u00fcberwachung.&#8220; _builder_version=&#8220;4.27.2&#8243; _module_preset=&#8220;default&#8220; title_level=&#8220;h6&#8243; use_background_color_gradient=&#8220;on&#8220; background_color_gradient_direction=&#8220;45deg&#8220; background_color_gradient_stops=&#8220;#00274f 0%|rgba(0,63,123,0) 80%&#8220; background_color_gradient_overlays_image=&#8220;on&#8220; background_image=&#8220;https:\/\/www.talurit.com\/wp-content\/uploads\/2024\/02\/Testing-machines-V3-750px.jpg&#8220; background_enable_image=&#8220;on&#8220; link_option_url=&#8220;https:\/\/www.talurit.com\/de\/kategorie\/prufmaschinen\/&#8220; hover_enabled=&#8220;0&#8243; global_colors_info=&#8220;{}&#8220; background__hover_enabled=&#8220;on|desktop&#8220; background_color_gradient_stops__hover=&#8220;#00274f 0%|rgba(0,63,123,0.55) 100%&#8220; use_background_color_gradient__hover=&#8220;on&#8220; sticky_enabled=&#8220;0&#8243;][\/dsm_image_accordion_child][dsm_image_accordion_child title_text=&#8220;Gerro-Combi-V4-750px&#8220; image_accordion_title=&#8220;Gerro\u2122 Combi&#8220; image_accordion_desc=&#8220;Unser innovatives System f\u00fcr Kombiseile.&#8220; _builder_version=&#8220;4.27.2&#8243; _module_preset=&#8220;default&#8220; title_level=&#8220;h6&#8243; use_background_color_gradient=&#8220;on&#8220; background_color_gradient_direction=&#8220;45deg&#8220; background_color_gradient_stops=&#8220;#00274f 0%|rgba(0,63,123,0) 80%&#8220; background_color_gradient_overlays_image=&#8220;on&#8220; background_image=&#8220;https:\/\/www.talurit.com\/wp-content\/uploads\/2024\/01\/Gerro-Combi-V4-750px.jpg&#8220; background_enable_image=&#8220;on&#8220; link_option_url=&#8220;https:\/\/www.talurit.com\/de\/kategorie\/gerro-combi-de\/&#8220; hover_enabled=&#8220;0&#8243; global_colors_info=&#8220;{}&#8220; background__hover_enabled=&#8220;on|desktop&#8220; background_color_gradient_stops__hover=&#8220;#00274f 0%|rgba(0,63,123,0.55) 100%&#8220; use_background_color_gradient__hover=&#8220;on&#8220; sticky_enabled=&#8220;0&#8243;][\/dsm_image_accordion_child][\/dsm_image_accordion][\/et_pb_column][\/et_pb_row][\/et_pb_section]<\/p>\n","protected":false},"excerpt":{"rendered":"<div class=\"et_pb_module dsm_image_accordion dsm_image_accordion_0 et_animated dsm_image_accordion_animation_fade_in dsm_image_accordion_animation_sequence_on\">\n\t\t\t\t\n\t\t\t\t\n\t\t\t\t\n\t\t\t\t\n\t\t\t\t\n\t\t\t\t\n\t\t\t\t<div class=\"et_pb_module_inner\">\n\t\t\t\t\t<div class=\"dsm_image_accordion_wrapper dsm_image_accordion_trigger_on_hover\">\n                <div  class=\"et_pb_module dsm_image_accordion_child dsm_image_accordion_child_0 dsm_image_accordion_horizontal_center dsm_image_accordion_vertical_center      \"> \n\t\t\t   <div class=\"et_pb_module_inner\"> \n\t\t\t\t\t<div class=\"dsm_image_accordion_child_content\">\n\t\t\t\t\t\t\n\t\t\t\t\t\t<h6 class=\"dsm_image_accordion_title\">Pressklemmen &#038; Beschlagteile<\/h6>\n\t\t\t\t\t\t<div class=\"dsm_image_accordion_description\">ISO 9001 zertifizierte Produkte.<\/div>\n\t\t\t\t\t\t\n\t\t\t\t\t<\/div>\n\t\t\t\t\t\n\t\t\t\t<\/div>\n\t\t\t<\/div><div  class=\"et_pb_module dsm_image_accordion_child dsm_image_accordion_child_1 dsm_image_accordion_horizontal_center dsm_image_accordion_vertical_center      \"> \n\t\t\t   <div class=\"et_pb_module_inner\"> \n\t\t\t\t\t<div class=\"dsm_image_accordion_child_content\">\n\t\t\t\t\t\t\n\t\t\t\t\t\t<h6 class=\"dsm_image_accordion_title\">Seilklemmenpresse<\/h6>\n\t\t\t\t\t\t<div class=\"dsm_image_accordion_description\">Solide, sichere &#038; einstellbare Seilklemmenpresse.<\/div>\n\t\t\t\t\t\t\n\t\t\t\t\t<\/div>\n\t\t\t\t\t\n\t\t\t\t<\/div>\n\t\t\t<\/div><div  class=\"et_pb_module dsm_image_accordion_child dsm_image_accordion_child_2 dsm_image_accordion_horizontal_center dsm_image_accordion_vertical_center      \"> \n\t\t\t   <div class=\"et_pb_module_inner\"> \n\t\t\t\t\t<div class=\"dsm_image_accordion_child_content\">\n\t\t\t\t\t\t\n\t\t\t\t\t\t<h6 class=\"dsm_image_accordion_title\">Trennmaschine<\/h6>\n\t\t\t\t\t\t<div class=\"dsm_image_accordion_description\">Maschinen zum Schneiden und Gl\u00fchen von Drahtseilen.<\/div>\n\t\t\t\t\t\t\n\t\t\t\t\t<\/div>\n\t\t\t\t\t\n\t\t\t\t<\/div>\n\t\t\t<\/div><div  class=\"et_pb_module dsm_image_accordion_child dsm_image_accordion_child_3 dsm_image_accordion_horizontal_center dsm_image_accordion_vertical_center      \"> \n\t\t\t   <div class=\"et_pb_module_inner\"> \n\t\t\t\t\t<div class=\"dsm_image_accordion_child_content\">\n\t\t\t\t\t\t\n\t\t\t\t\t\t<h6 class=\"dsm_image_accordion_title\">Drahtseilbearbeitung<\/h6>\n\t\t\t\t\t\t<div class=\"dsm_image_accordion_description\">Aufwickeln, Aufrollen, Abwickeln und Messen.<\/div>\n\t\t\t\t\t\t\n\t\t\t\t\t<\/div>\n\t\t\t\t\t\n\t\t\t\t<\/div>\n\t\t\t<\/div><div  class=\"et_pb_module dsm_image_accordion_child dsm_image_accordion_child_4 dsm_image_accordion_horizontal_center dsm_image_accordion_vertical_center      \"> \n\t\t\t   <div class=\"et_pb_module_inner\"> \n\t\t\t\t\t<div class=\"dsm_image_accordion_child_content\">\n\t\t\t\t\t\t\n\t\t\t\t\t\t<h6 class=\"dsm_image_accordion_title\">Pr\u00fcfmaschinen<\/h6>\n\t\t\t\t\t\t<div class=\"dsm_image_accordion_description\">Pr\u00fcfmaschinen, Drahtseilklemmen &#038; Last\u00fcberwachung.<\/div>\n\t\t\t\t\t\t\n\t\t\t\t\t<\/div>\n\t\t\t\t\t\n\t\t\t\t<\/div>\n\t\t\t<\/div><div  class=\"et_pb_module dsm_image_accordion_child dsm_image_accordion_child_5 dsm_image_accordion_horizontal_center dsm_image_accordion_vertical_center      \"> \n\t\t\t   <div class=\"et_pb_module_inner\"> \n\t\t\t\t\t<div class=\"dsm_image_accordion_child_content\">\n\t\t\t\t\t\t\n\t\t\t\t\t\t<h6 class=\"dsm_image_accordion_title\">Gerro\u2122 Combi<\/h6>\n\t\t\t\t\t\t<div class=\"dsm_image_accordion_description\">Unser innovatives System f\u00fcr Kombiseile.<\/div>\n\t\t\t\t\t\t\n\t\t\t\t\t<\/div>\n\t\t\t\t\t\n\t\t\t\t<\/div>\n\t\t\t<\/div>\n            <\/div>\n\t\t\t\t<\/div>\n\t\t\t<\/div>\n","protected":false},"author":1,"featured_media":329700,"parent":0,"menu_order":0,"comment_status":"closed","ping_status":"closed","template":"","meta":{"_et_pb_use_builder":"on","_et_pb_old_content":"","_et_gb_content_width":"","footnotes":""},"class_list":["post-332664","page","type-page","status-publish","has-post-thumbnail","hentry"],"_links":{"self":[{"href":"https:\/\/www.talurit.com\/de\/wp-json\/wp\/v2\/pages\/332664","targetHints":{"allow":["GET"]}}],"collection":[{"href":"https:\/\/www.talurit.com\/de\/wp-json\/wp\/v2\/pages"}],"about":[{"href":"https:\/\/www.talurit.com\/de\/wp-json\/wp\/v2\/types\/page"}],"author":[{"embeddable":true,"href":"https:\/\/www.talurit.com\/de\/wp-json\/wp\/v2\/users\/1"}],"replies":[{"embeddable":true,"href":"https:\/\/www.talurit.com\/de\/wp-json\/wp\/v2\/comments?post=332664"}],"version-history":[{"count":7,"href":"https:\/\/www.talurit.com\/de\/wp-json\/wp\/v2\/pages\/332664\/revisions"}],"predecessor-version":[{"id":332684,"href":"https:\/\/www.talurit.com\/de\/wp-json\/wp\/v2\/pages\/332664\/revisions\/332684"}],"wp:featuredmedia":[{"embeddable":true,"href":"https:\/\/www.talurit.com\/de\/wp-json\/wp\/v2\/media\/329700"}],"wp:attachment":[{"href":"https:\/\/www.talurit.com\/de\/wp-json\/wp\/v2\/media?parent=332664"}],"curies":[{"name":"wp","href":"https:\/\/api.w.org\/{rel}","templated":true}]}}