{"id":332290,"date":"2023-10-17T13:30:27","date_gmt":"2023-10-17T12:30:27","guid":{"rendered":"https:\/\/www.talurit.com\/nachrichten\/"},"modified":"2024-10-30T16:18:15","modified_gmt":"2024-10-30T15:18:15","slug":"nachrichten","status":"publish","type":"page","link":"https:\/\/www.talurit.com\/de\/nachrichten\/","title":{"rendered":"Nachrichten"},"content":{"rendered":"<p>[et_pb_section fb_built=&#8220;1&#8243; custom_padding_last_edited=&#8220;on|phone&#8220; _builder_version=&#8220;4.23.4&#8243; _module_preset=&#8220;default&#8220; use_background_color_gradient=&#8220;on&#8220; background_color_gradient_direction=&#8220;45deg&#8220; background_color_gradient_stops=&#8220;rgba(0,39,79,0.8) 0%|rgba(0,63,123,0.81) 100%&#8220; background_color_gradient_overlays_image=&#8220;on&#8220; background_image=&#8220;https:\/\/www.talurit.com\/wp-content\/uploads\/2024\/01\/Background-Wire-02-2024-2000px.jpg&#8220; custom_margin=&#8220;|5vw|||false|false&#8220; custom_margin_tablet=&#8220;|3vw|||false|false&#8220; custom_margin_phone=&#8220;|10vw|||false|false&#8220; custom_margin_last_edited=&#8220;on|phone&#8220; custom_padding=&#8220;95px||||false|false&#8220; custom_padding_tablet=&#8220;95px||||false|false&#8220; custom_padding_phone=&#8220;50px||25px||false|false&#8220; top_divider_style=&#8220;ramp&#8220; top_divider_color=&#8220;rgba(0,25,60,0.8)&#8220; top_divider_height=&#8220;50px&#8220; top_divider_flip=&#8220;vertical&#8220; border_radii=&#8220;off|||45px|&#8220; border_width_left=&#8220;0.7vw&#8220; border_color_left=&#8220;#B2B2B2&#8243; border_width_left_tablet=&#8220;0.7vw&#8220; border_width_left_phone=&#8220;2.8vw&#8220; border_width_left_last_edited=&#8220;on|phone&#8220; box_shadow_style=&#8220;preset3&#8243; box_shadow_vertical=&#8220;10px&#8220; box_shadow_blur=&#8220;10px&#8220; box_shadow_color=&#8220;rgba(0,0,0,0.4)&#8220; global_colors_info=&#8220;{}&#8220;][et_pb_row custom_padding_last_edited=&#8220;on|phone&#8220; _builder_version=&#8220;4.23.4&#8243; _module_preset=&#8220;default&#8220; custom_padding=&#8220;|||2.3vw|false|false&#8220; custom_padding_tablet=&#8220;|||2vw|false|false&#8220; custom_padding_phone=&#8220;|||2vw|false|false&#8220; global_colors_info=&#8220;{}&#8220;][et_pb_column type=&#8220;4_4&#8243; _builder_version=&#8220;4.23.4&#8243; _module_preset=&#8220;default&#8220; global_colors_info=&#8220;{}&#8220;][et_pb_text _builder_version=&#8220;4.27.0&#8243; _module_preset=&#8220;default&#8220; text_font=&#8220;Teko|600||on|||||&#8220; text_text_color=&#8220;#FFFFFF&#8220; text_font_size=&#8220;45px&#8220; custom_padding=&#8220;0px||0px||true|false&#8220; hover_enabled=&#8220;0&#8243; global_colors_info=&#8220;{}&#8220; header_font=&#8220;Teko|600||on|||||&#8220; header_text_color=&#8220;#FFFFFF&#8220; header_font_size=&#8220;45px&#8220; header_line_height=&#8220;1.6em&#8220; sticky_enabled=&#8220;0&#8243; custom_margin=&#8220;-9px||-9px||true|false&#8220;]<\/p>\n<h1>Nachrichten<\/h1>\n<p>[\/et_pb_text][dsm_breadcrumbs home_text=&#8220;Talurit\u00ae&#8220; home_icon=&#8220;&#x45;||divi||400&#8243; separator_icon=&#8220;&#xf105;||fa||900&#8243; items_bg_color=&#8220;RGBA(255,255,255,0)&#8220; disabled_on=&#8220;off|off|off&#8220; admin_label=&#8220;Breadcrumbs&#8220; _builder_version=&#8220;4.23.4&#8243; _module_preset=&#8220;default&#8220; items_font=&#8220;||||||||&#8220; items_text_color=&#8220;#B2B2B2&#8243; items_font_size=&#8220;13px&#8220; items_letter_spacing=&#8220;0.2px&#8220; home_icon_text_color=&#8220;#B2B2B2&#8243; home_icon_font_size=&#8220;22px&#8220; separators_text_color=&#8220;#B2B2B2&#8243; separators_font_size=&#8220;16px&#8220; current_font=&#8220;||||||||&#8220; current_text_color=&#8220;#B2B2B2&#8243; current_font_size=&#8220;13px&#8220; current_letter_spacing=&#8220;0.2px&#8220; custom_margin=&#8220;-20px||-20px||true|false&#8220; animation_direction=&#8220;left&#8220; global_colors_info=&#8220;{}&#8220; items_text_color__hover_enabled=&#8220;on|desktop&#8220; items_text_color__hover=&#8220;#FFFFFF&#8220; current_bg_color__hover_enabled=&#8220;off|desktop&#8220; current_text_color__hover_enabled=&#8220;on|desktop&#8220; current_text_color__hover=&#8220;#FFFFFF&#8220; home_icon_text_color__hover_enabled=&#8220;on|desktop&#8220; home_icon_text_color__hover=&#8220;#FFFFFF&#8220; separators_text_color__hover_enabled=&#8220;on|desktop&#8220; separators_text_color__hover=&#8220;#FFFFFF&#8220;][\/dsm_breadcrumbs][\/et_pb_column][\/et_pb_row][\/et_pb_section][et_pb_section fb_built=&#8220;1&#8243; admin_label=&#8220;Blog grid&#8220; _builder_version=&#8220;4.23.4&#8243; _module_preset=&#8220;default&#8220; custom_padding=&#8220;||0px||false|false&#8220; global_colors_info=&#8220;{}&#8220;][et_pb_row column_structure=&#8220;3_4,1_4&#8243; _builder_version=&#8220;4.23.4&#8243; _module_preset=&#8220;default&#8220; global_colors_info=&#8220;{}&#8220;][et_pb_column type=&#8220;3_4&#8243; _builder_version=&#8220;4.23.4&#8243; _module_preset=&#8220;default&#8220; custom_padding=&#8220;|30px|||false|false&#8220; custom_padding_tablet=&#8220;|0px|||false|false&#8220; custom_padding_phone=&#8220;|0px|||false|false&#8220; custom_padding_last_edited=&#8220;on|desktop&#8220; global_colors_info=&#8220;{}&#8220;][et_pb_blog fullwidth=&#8220;off&#8220; posts_number=&#8220;9&#8243; include_categories=&#8220;all&#8220; use_manual_excerpt=&#8220;off&#8220; show_more=&#8220;on&#8220; show_author=&#8220;off&#8220; show_excerpt=&#8220;off&#8220; masonry_tile_background_color=&#8220;#FFFFFF&#8220; admin_label=&#8220;News feed&#8220; module_class=&#8220;et_blog_grid_equal_height&#8220; _builder_version=&#8220;4.27.0&#8243; _module_preset=&#8220;default&#8220; header_font=&#8220;|800|||||||&#8220; header_font_size=&#8220;18.5px&#8220; header_line_height=&#8220;1.3em&#8220; body_font=&#8220;|800||on|||||&#8220; body_text_align=&#8220;left&#8220; body_text_color=&#8220;#706F6F&#8220; body_font_size=&#8220;13px&#8220; body_letter_spacing=&#8220;0.2px&#8220; meta_font=&#8220;||on||||||&#8220; meta_text_color=&#8220;#B2B2B2&#8243; meta_font_size=&#8220;13px&#8220; read_more_font=&#8220;||||||||&#8220; pagination_font=&#8220;|800||on|||||&#8220; pagination_text_color=&#8220;#706F6F&#8220; pagination_font_size=&#8220;14px&#8220; pagination_letter_spacing=&#8220;0.2px&#8220; background_enable_color=&#8220;off&#8220; text_orientation=&#8220;left&#8220; custom_margin=&#8220;||||false|false&#8220; custom_padding=&#8220;0px||5px||false|false&#8220; header_font_size_tablet=&#8220;18.5px&#8220; header_font_size_phone=&#8220;17px&#8220; header_font_size_last_edited=&#8220;on|phone&#8220; border_radii=&#8220;on|9px|9px|9px|9px&#8220; border_width_all=&#8220;0px&#8220; border_radii_image=&#8220;off|9px|9px||&#8220; border_width_bottom_image=&#8220;5px&#8220; border_color_bottom_image=&#8220;#003F7B&#8220; box_shadow_style=&#8220;preset3&#8243; box_shadow_color=&#8220;rgba(0,0,0,0.1)&#8220; box_shadow_style_image=&#8220;preset3&#8243; box_shadow_vertical_image=&#8220;10px&#8220; box_shadow_blur_image=&#8220;20px&#8220; box_shadow_spread_image=&#8220;-10px&#8220; box_shadow_color_image=&#8220;rgba(22,22,22,0)&#8220; global_colors_info=&#8220;{}&#8220; border_color_bottom_image__hover_enabled=&#8220;on|hover&#8220; border_color_bottom_image__hover=&#8220;#0057af&#8220; box_shadow_color_image__hover_enabled=&#8220;on|hover&#8220; box_shadow_color_image__hover=&#8220;rgba(22,22,22,0.35)&#8220; body_text_color__hover_enabled=&#8220;on|desktop&#8220; body_text_color__hover=&#8220;#003F7B&#8220; box_shadow_color__hover_enabled=&#8220;on|hover&#8220; box_shadow_color__hover=&#8220;rgba(0,0,0,0.3)&#8220; pagination_text_color__hover_enabled=&#8220;on|desktop&#8220; pagination_text_color__hover=&#8220;#003F7B&#8220;][\/et_pb_blog][\/et_pb_column][et_pb_column type=&#8220;1_4&#8243; _builder_version=&#8220;4.23.4&#8243; _module_preset=&#8220;default&#8220; global_colors_info=&#8220;{}&#8220;][et_pb_blurb image=&#8220;https:\/\/www.talurit.com\/wp-content\/uploads\/2024\/01\/Talurit-The-Original-White-PNG24-500px.png&#8220; alt=&#8220;Talurit\u00ae | Das Original&#8220; image_icon_width=&#8220;60%&#8220; _builder_version=&#8220;4.23.4&#8243; _module_preset=&#8220;default&#8220; background_enable_color=&#8220;off&#8220; use_background_color_gradient=&#8220;on&#8220; background_color_gradient_direction=&#8220;45deg&#8220; background_color_gradient_stops=&#8220;#00274f 0%|#003f7b 100%&#8220; image_icon_custom_margin=&#8220;24px||-4px||false|false&#8220; custom_margin=&#8220;||0px||false|false&#8220; animation=&#8220;bottom&#8220; border_radii=&#8220;off|9px|9px||&#8220; box_shadow_style=&#8220;preset1&#8243; box_shadow_blur=&#8220;30px&#8220; box_shadow_color=&#8220;rgba(0,0,0,0.1)&#8220; global_colors_info=&#8220;{}&#8220;][\/et_pb_blurb][et_pb_blurb url=&#8220;https:\/\/www.talurit.com\/de\/&#8220; icon_placement=&#8220;left&#8220; image_icon_width=&#8220;75px&#8220; _builder_version=&#8220;4.23.4&#8243; _module_preset=&#8220;default&#8220; header_font=&#8220;|700|||||||&#8220; header_font_size=&#8220;18px&#8220; body_text_color=&#8220;#878787&#8243; body_font_size=&#8220;14px&#8220; body_line_height=&#8220;1.4em&#8220; background_color=&#8220;#FFFFFF&#8220; custom_margin=&#8220;0px||||false|false&#8220; custom_padding=&#8220;25px|25px|27px|25px|false|true&#8220; animation=&#8220;off&#8220; border_radii=&#8220;off|||9px|9px&#8220; box_shadow_style=&#8220;preset1&#8243; box_shadow_blur=&#8220;30px&#8220; box_shadow_color=&#8220;rgba(0,0,0,0.1)&#8220; global_colors_info=&#8220;{}&#8220;]<\/p>\n<p><span>Als Marktf\u00fchrer in unserem Bereich treiben wir Innovationen voran und sorgen gleichzeitig daf\u00fcr, dass unsere Produkte, Systeme und Dienstleistungen die h\u00f6chste Qualit\u00e4t und Zuverl\u00e4ssigkeit aufweisen.<\/span><span> h\u00f6chste Qualit\u00e4t und Zuverl\u00e4ssigkeit bieten.<\/span><\/p>\n<p>[\/et_pb_blurb][et_pb_search exclude_pages=&#8220;off&#8220; placeholder=&#8220;Suche&#8220; button_color=&#8220;#B2B2B2&#8243; placeholder_color=&#8220;#B2B2B2&#8243; module_class=&#8220;post-searchbox&#8220; _builder_version=&#8220;4.23.4&#8243; _module_preset=&#8220;default&#8220; form_field_background_color=&#8220;#FFFFFF&#8220; form_field_text_color=&#8220;#222222&#8243; form_field_focus_background_color=&#8220;#f7f7f7&#8243; form_field_focus_text_color=&#8220;#706F6F&#8220; button_font=&#8220;|600|||||||&#8220; button_text_color=&#8220;#FFFFFF&#8220; background_color=&#8220;gcid-15c2a9cb-fa7c-4ee5-8992-f7b631c0b07b&#8220; custom_padding=&#8220;0.7em|0.715em|0.7em|0.715em|true|false&#8220; border_width_all=&#8220;0px&#8220; box_shadow_style=&#8220;preset1&#8243; box_shadow_blur=&#8220;30px&#8220; box_shadow_color=&#8220;rgba(0,0,0,0.1)&#8220; global_colors_info=&#8220;{%22gcid-15c2a9cb-fa7c-4ee5-8992-f7b631c0b07b%22:%91%22background_color%22%93,%22gcid-67fadd5a-1f76-482a-a460-a7c3e1e6c391%22:%91%22button_color%22%93}&#8220; button_color__hover_enabled=&#8220;on|desktop&#8220; button_color__hover=&#8220;#003F7B&#8220; show_button__hover_enabled=&#8220;off|desktop&#8220; show_button__hover=&#8220;on&#8220;][\/et_pb_search][et_pb_text _builder_version=&#8220;4.27.0&#8243; _module_preset=&#8220;default&#8220; header_5_font=&#8220;|700|||||||&#8220; header_5_font_size=&#8220;15px&#8220; custom_margin=&#8220;20px||50px|17px|false|false&#8220; custom_margin_tablet=&#8220;20px||10px|17px|false|false&#8220; custom_margin_phone=&#8220;|10px|55px|17px|false|false&#8220; custom_margin_last_edited=&#8220;on|phone&#8220; custom_padding=&#8220;5px||0px|20px|false|false&#8220; border_width_left=&#8220;3px&#8220; border_color_left=&#8220;#003F7B&#8220; global_colors_info=&#8220;{}&#8220;]<\/p>\n<h5>Kategorien:<\/h5>\n<p>[\/et_pb_text][et_pb_sidebar orientation=&#8220;right&#8220; area=&#8220;sidebar-2&#8243; show_border=&#8220;off&#8220; _builder_version=&#8220;4.27.0&#8243; _module_preset=&#8220;default&#8220; header_font_size=&#8220;16px&#8220; body_text_color=&#8220;#706F6F&#8220; body_font_size=&#8220;14px&#8220; body_line_height=&#8220;1.5em&#8220; custom_margin=&#8220;||-45px||false|false&#8220; custom_padding=&#8220;|40px|0px|40px|false|true&#8220; custom_padding_tablet=&#8220;|40px||40px|false|true&#8220; custom_padding_phone=&#8220;|10px||40px|false|false&#8220; custom_padding_last_edited=&#8220;on|phone&#8220; global_colors_info=&#8220;{}&#8220; body_text_color__hover_enabled=&#8220;on|hover&#8220; body_text_color__hover=&#8220;#918e8e&#8220;][\/et_pb_sidebar][et_pb_sidebar area=&#8220;et_pb_widget_area_3&#8243; show_border=&#8220;off&#8220; module_class=&#8220;blog-sidebar&#8220; _builder_version=&#8220;4.27.0&#8243; _module_preset=&#8220;default&#8220; header_font=&#8220;|700|||||||&#8220; header_font_size=&#8220;20px&#8220; header_line_height=&#8220;1.6em&#8220; body_font_size=&#8220;14px&#8220; body_line_height=&#8220;1.5em&#8220; background_color=&#8220;#FFFFFF&#8220; z_index=&#8220;-1&#8243; overflow-x=&#8220;visible&#8220; overflow-y=&#8220;visible&#8220; custom_margin=&#8220;0px||-10px|40px|false|false&#8220; custom_margin_tablet=&#8220;||0px||false|false&#8220; custom_margin_phone=&#8220;|||40px|false|false&#8220; custom_margin_last_edited=&#8220;on|desktop&#8220; custom_padding=&#8220;5px||0px||false|false&#8220; custom_padding_tablet=&#8220;5px||0px||false|false&#8220; custom_padding_phone=&#8220;0px||||false|false&#8220; custom_padding_last_edited=&#8220;on|phone&#8220; border_radii=&#8220;on|8px|8px|8px|8px&#8220; global_colors_info=&#8220;{}&#8220;][\/et_pb_sidebar][et_pb_code _builder_version=&#8220;4.27.0&#8243; _module_preset=&#8220;default&#8220; background_enable_color=&#8220;off&#8220; use_background_color_gradient=&#8220;on&#8220; background_color_gradient_direction=&#8220;45deg&#8220; background_color_gradient_stops=&#8220;#00274f 0%|#003f7b 100%&#8220; custom_padding=&#8220;10px|18px|10px|18px|false|true&#8220; border_radii=&#8220;on|7px|7px|7px|7px&#8220; box_shadow_style=&#8220;preset1&#8243; box_shadow_blur=&#8220;30px&#8220; box_shadow_color=&#8220;rgba(0,0,0,0.2)&#8220; global_colors_info=&#8220;{}&#8220;]<script src='https:\/\/online2.superoffice.com\/Cust23143\/CS\/scripts\/customer.fcgi?action=form&#038;id=F-35yjQ3JR&#038;field_email=&#038;field_firstname=&#038;field_lastname=&#038;field_company=&#038;field_country=' defer><\/script>[\/et_pb_code][et_pb_text _builder_version=&#8220;4.27.0&#8243; _module_preset=&#8220;default&#8220; header_5_font=&#8220;|700|||||||&#8220; header_5_font_size=&#8220;15px&#8220; custom_margin=&#8220;20px||10px|17px|false|false&#8220; custom_margin_tablet=&#8220;20px||10px|17px|false|false&#8220; custom_margin_phone=&#8220;30px|10px||17px|false|false&#8220; custom_margin_last_edited=&#8220;on|phone&#8220; custom_padding=&#8220;5px||0px|20px|false|false&#8220; border_width_left=&#8220;3px&#8220; border_color_left=&#8220;#003F7B&#8220; global_colors_info=&#8220;{}&#8220;]<\/p>\n<h5>Neueste Beitr\u00e4ge:<\/h5>\n<p>[\/et_pb_text][et_pb_sidebar orientation=&#8220;right&#8220; area=&#8220;et_pb_widget_area_2&#8243; show_border=&#8220;off&#8220; _builder_version=&#8220;4.27.0&#8243; _module_preset=&#8220;default&#8220; header_font_size=&#8220;16px&#8220; body_text_color=&#8220;#706F6F&#8220; body_font_size=&#8220;14px&#8220; body_line_height=&#8220;1.4em&#8220; custom_margin=&#8220;||-45px||false|false&#8220; custom_padding=&#8220;|40px|0px|40px|false|true&#8220; custom_padding_tablet=&#8220;|40px||40px|false|true&#8220; custom_padding_phone=&#8220;|10px||40px|false|false&#8220; custom_padding_last_edited=&#8220;on|phone&#8220; global_colors_info=&#8220;{}&#8220; body_text_color__hover_enabled=&#8220;on|hover&#8220; body_text_color__hover=&#8220;#918e8e&#8220;][\/et_pb_sidebar][\/et_pb_column][\/et_pb_row][\/et_pb_section]<\/p>\n","protected":false},"excerpt":{"rendered":"<p>Nachrichten<div class=\"et_pb_module dsm_breadcrumbs dsm_breadcrumbs_0\">\n\t\t\t\t\n\t\t\t\t\n\t\t\t\t\n\t\t\t\t\n\t\t\t\t\n\t\t\t\t\n\t\t\t\t<div class=\"et_pb_module_inner\">\n\t\t\t\t\t<nav class=\"dsm_breadcrumbs_wrap\">\n\t\t\t\t<ul class=\"dsm_breadcrumbs\" itemscope itemtype=\"https:\/\/schema.org\/BreadcrumbList\">\t\t\t<li class=\"dsm_breadcrumbs_item dsm_home_item dsm_home_item_custom\" itemprop=\"itemListElement\" itemscope\n\t\t\titemtype=\"https:\/\/schema.org\/ListItem\">\n\t\t\t\t<a href=\"https:\/\/www.talurit.com\/de\/\" itemprop=\"item\" target=\"\">\n\t\t\t\t\t<span class='dsm_home_text_wrapper'>\n\t\t\t\t\t\t\t\t\t\t\t\t\t<span class=\"et-pb-icon dsm_home_icon\">&#x45;<\/span>\n\t\t\t\t\t\t\t\t\t\t\t\t\t<span class=\"dsm_home_text\" itemprop=\"name\">\n\t\t\t\t\t\t\t\tTalurit\u00ae\t\t\t\t\t\t\t<\/span>\n\t\t\t\t\t<\/span>\n\t\t\t\t<\/a>\n\t\t\t\t<meta itemprop=\"position\" content=\"1\" \/>\n\t\t\t<\/li>\n\n\t\t<li class=\"dsm_breadcrumbs_separator\"> <span class=\"et-pb-icon dsm_separator_icon\">&#xf105;<\/span><\/li><\/ul>\n\t\t\t<\/nav>\n\t\t\t\t<\/div>\n\t\t\t<\/div>Als Marktf\u00fchrer in unserem Bereich treiben wir Innovationen voran und sorgen gleichzeitig daf\u00fcr, dass unsere Produkte, Systeme und Dienstleistungen die h\u00f6chste Qualit\u00e4t und Zuverl\u00e4ssigkeit aufweisen. h\u00f6chste Qualit\u00e4t und Zuverl\u00e4ssigkeit bieten.Kategorien:Neueste Beitr\u00e4ge:<\/p>\n","protected":false},"author":1,"featured_media":329235,"parent":0,"menu_order":0,"comment_status":"closed","ping_status":"closed","template":"","meta":{"_et_pb_use_builder":"on","_et_pb_old_content":"","_et_gb_content_width":"","footnotes":""},"class_list":["post-332290","page","type-page","status-publish","has-post-thumbnail","hentry"],"_links":{"self":[{"href":"https:\/\/www.talurit.com\/de\/wp-json\/wp\/v2\/pages\/332290","targetHints":{"allow":["GET"]}}],"collection":[{"href":"https:\/\/www.talurit.com\/de\/wp-json\/wp\/v2\/pages"}],"about":[{"href":"https:\/\/www.talurit.com\/de\/wp-json\/wp\/v2\/types\/page"}],"author":[{"embeddable":true,"href":"https:\/\/www.talurit.com\/de\/wp-json\/wp\/v2\/users\/1"}],"replies":[{"embeddable":true,"href":"https:\/\/www.talurit.com\/de\/wp-json\/wp\/v2\/comments?post=332290"}],"version-history":[{"count":3,"href":"https:\/\/www.talurit.com\/de\/wp-json\/wp\/v2\/pages\/332290\/revisions"}],"predecessor-version":[{"id":332293,"href":"https:\/\/www.talurit.com\/de\/wp-json\/wp\/v2\/pages\/332290\/revisions\/332293"}],"wp:featuredmedia":[{"embeddable":true,"href":"https:\/\/www.talurit.com\/de\/wp-json\/wp\/v2\/media\/329235"}],"wp:attachment":[{"href":"https:\/\/www.talurit.com\/de\/wp-json\/wp\/v2\/media?parent=332290"}],"curies":[{"name":"wp","href":"https:\/\/api.w.org\/{rel}","templated":true}]}}